{"id":13841,"date":"2022-12-16T11:03:24","date_gmt":"2022-12-16T10:03:24","guid":{"rendered":"https:\/\/bilbaosurffilmfestival.eus\/lkbsff2024\/antolakuntza-2024\/"},"modified":"2024-01-22T10:05:34","modified_gmt":"2024-01-22T09:05:34","slug":"antolakuntza","status":"publish","type":"page","link":"https:\/\/bilbaosurffilmfestival.eus\/eu\/aurrekoak\/lkbsff2024\/antolakuntza\/","title":{"rendered":"Antolakuntza 2024"},"content":{"rendered":"\t\t<div data-elementor-type=\"wp-page\" data-elementor-id=\"13841\" class=\"elementor elementor-13841 elementor-496\" data-elementor-post-type=\"page\">\n\t\t\t\t<div class=\"elementor-element elementor-element-1b87eb24 e-flex e-con-boxed e-con e-parent\" data-id=\"1b87eb24\" data-element_type=\"container\" data-e-type=\"container\">\n\t\t\t\t\t<div class=\"e-con-inner\">\n\t\t\t\t<div class=\"elementor-element elementor-element-2a3aee7d elementor-widget elementor-widget-text-editor\" data-id=\"2a3aee7d\" data-element_type=\"widget\" data-e-type=\"widget\" data-widget_type=\"text-editor.default\">\n\t\t\t\t<div class=\"elementor-widget-container\">\n\t\t\t\t\t\t\t\t\t<h1 class=\"azul-oscuro\">JAIALDIAREN ANTOLAKUNTZA #LKBSFF2024<\/h1>\n\t\t\t\t\t\t\t\t<\/div>\n\t\t\t\t<\/div>\n\t\t\t\t\t<\/div>\n\t\t\t\t<\/div>\n\t\t<div class=\"elementor-element elementor-element-377cd894 e-flex e-con-boxed e-con e-child\" data-id=\"377cd894\" data-element_type=\"container\" data-e-type=\"container\">\n\t\t\t\t\t<div class=\"e-con-inner\">\n\t\t\t\t<div class=\"elementor-element elementor-element-aa0db06 elementor-widget__width-initial elementor-widget elementor-widget-eael-adv-tabs\" data-id=\"aa0db06\" data-element_type=\"widget\" data-e-type=\"widget\" data-widget_type=\"eael-adv-tabs.default\">\n\t\t\t\t<div class=\"elementor-widget-container\">\n\t\t\t\t\t        <div data-scroll-on-click=\"no\" data-scroll-speed=\"300\" id=\"eael-advance-tabs-aa0db06\" class=\"eael-advance-tabs eael-tabs-horizontal eael-tab-auto-active  active-caret-on\" data-tabid=\"aa0db06\">\n            <div class=\"eael-tabs-nav \">\n                <ul class=\"\" role=\"tablist\">\n                                            <li id=\"#comision\" class=\"inactive eael-tab-item-trigger eael-tab-nav-item\" aria-selected=\"true\" data-tab=\"1\" role=\"tab\" tabindex=\"0\" aria-controls=\"#comision-tab\" aria-expanded=\"false\">\n                            \n                            \n                            \n                                                            <span class=\"eael-tab-title title-after-icon\" >Antolaketa komisioa<\/span>                                                    <\/li>\n                                            <li id=\"#empresa\" class=\"inactive eael-tab-item-trigger eael-tab-nav-item\" aria-selected=\"false\" data-tab=\"2\" role=\"tab\" tabindex=\"-1\" aria-controls=\"#empresa-tab\" aria-expanded=\"false\">\n                            \n                            \n                            \n                                                            <span class=\"eael-tab-title title-after-icon\" >Erakunde antolatzailea<\/span>                                                    <\/li>\n                                            <li id=\"#sponsors\" class=\"inactive eael-tab-item-trigger eael-tab-nav-item\" aria-selected=\"false\" data-tab=\"3\" role=\"tab\" tabindex=\"-1\" aria-controls=\"#sponsors-tab\" aria-expanded=\"false\">\n                            \n                            \n                            \n                                                            <span class=\"eael-tab-title title-after-icon\" >Sponsors<\/span>                                                    <\/li>\n                                            <li id=\"#bases\" class=\"inactive eael-tab-item-trigger eael-tab-nav-item\" aria-selected=\"false\" data-tab=\"4\" role=\"tab\" tabindex=\"-1\" aria-controls=\"#bases-tab\" aria-expanded=\"false\">\n                            \n                            \n                            \n                                                            <span class=\"eael-tab-title title-after-icon\" >Oinarriak<\/span>                                                    <\/li>\n                    \n                                  <\/ul>\n            <\/div>\n            \n            <div class=\"eael-tabs-content\">\n\t\t        \n                    <div id=\"#comision-tab\" class=\"clearfix eael-tab-content-item inactive\" data-title-link=\"#comision-tab\">\n\t\t\t\t        <style>.elementor-13835 .elementor-element.elementor-element-2a9a5dee{--display:flex;--margin-top:50px;--margin-bottom:0px;--margin-left:0px;--margin-right:0px;}.elementor-13835 .elementor-element.elementor-element-6c91da2a{--display:flex;}.elementor-13835 .elementor-element.elementor-element-7f895d1b{--display:flex;--flex-direction:row;--container-widget-width:initial;--container-widget-height:100%;--container-widget-flex-grow:1;--container-widget-align-self:stretch;--flex-wrap-mobile:wrap;}.elementor-13835 .elementor-element.elementor-element-4e6c3a73{--display:flex;--flex-direction:row;--container-widget-width:initial;--container-widget-height:100%;--container-widget-flex-grow:1;--container-widget-align-self:stretch;--flex-wrap-mobile:wrap;}.elementor-13835 .elementor-element.elementor-element-710702aa{width:var( --container-widget-width, 72.667% );max-width:72.667%;--container-widget-width:72.667%;--container-widget-flex-grow:0;}.elementor-13835 .elementor-element.elementor-element-710702aa.elementor-element{--flex-grow:0;--flex-shrink:0;}.elementor-13835 .elementor-element.elementor-element-52dfba46{--display:flex;--flex-direction:row;--container-widget-width:initial;--container-widget-height:100%;--container-widget-flex-grow:1;--container-widget-align-self:stretch;--flex-wrap-mobile:wrap;}.elementor-13835 .elementor-element.elementor-element-7b807faa{width:var( --container-widget-width, 78.431% );max-width:78.431%;--container-widget-width:78.431%;--container-widget-flex-grow:0;}.elementor-13835 .elementor-element.elementor-element-7b807faa.elementor-element{--flex-grow:0;--flex-shrink:0;}<\/style>\t\t<div data-elementor-type=\"container\" data-elementor-id=\"13835\" class=\"elementor elementor-13835 elementor-10720 elementor-10720\" data-elementor-post-type=\"elementor_library\">\n\t\t\t\t<div class=\"elementor-element elementor-element-2a9a5dee e-flex e-con-boxed e-con e-parent\" data-id=\"2a9a5dee\" data-element_type=\"container\" data-e-type=\"container\">\n\t\t\t\t\t<div class=\"e-con-inner\">\n\t\t<div class=\"elementor-element elementor-element-6c91da2a e-flex e-con-boxed e-con e-child\" data-id=\"6c91da2a\" data-element_type=\"container\" data-e-type=\"container\">\n\t\t\t\t\t<div class=\"e-con-inner\">\n\t\t\t\t<div class=\"elementor-element elementor-element-3a688d5 elementor-widget elementor-widget-heading\" data-id=\"3a688d5\" data-element_type=\"widget\" data-e-type=\"widget\" data-widget_type=\"heading.default\">\n\t\t\t\t<div class=\"elementor-widget-container\">\n\t\t\t\t\t<h3 class=\"elementor-heading-title elementor-size-default\">ANTOLAKUNTZA KOMISIOA 2024<\/h3>\t\t\t\t<\/div>\n\t\t\t\t<\/div>\n\t\t\t\t\t<\/div>\n\t\t\t\t<\/div>\n\t\t<div class=\"elementor-element elementor-element-7f895d1b e-flex e-con-boxed e-con e-child\" data-id=\"7f895d1b\" data-element_type=\"container\" data-e-type=\"container\">\n\t\t\t\t\t<div class=\"e-con-inner\">\n\t\t<div class=\"elementor-element elementor-element-4e6c3a73 e-flex e-con-boxed e-con e-child\" data-id=\"4e6c3a73\" data-element_type=\"container\" data-e-type=\"container\">\n\t\t\t\t\t<div class=\"e-con-inner\">\n\t\t\t\t<div class=\"elementor-element elementor-element-710702aa elementor-widget__width-initial elementor-widget elementor-widget-text-editor\" data-id=\"710702aa\" data-element_type=\"widget\" data-e-type=\"widget\" data-widget_type=\"text-editor.default\">\n\t\t\t\t<div class=\"elementor-widget-container\">\n\t\t\t\t\t\t\t\t\t<p><strong>Zuzendaritza<\/strong><br \/>Jos\u00e9 \u00c1ngel Delgado<\/p>\n<p><strong>Koordinazio Orokorra<\/strong><br \/>Zuri\u00f1e Larrazabal<\/p>\n<p><strong>Zuzendaritzari Laguntza<\/strong><br \/>Amaya Urberuaga<\/p>\n<p><strong>Zuzendaritza Exekutiboa<\/strong><br \/>Jesus M. Delgado<\/p>\n<p><strong>Marketing<\/strong><br \/>Amaya Urberuaga<\/p>\n<p><strong>Komunikazioa\/Produkzioa<\/strong><br \/>I\u00f1igo Santxo Bombin<\/p>\n<p><strong>Agentzia ofiziala<\/strong><br \/>OnlyOne<\/p>\n\t\t\t\t\t\t\t\t<\/div>\n\t\t\t\t<\/div>\n\t\t\t\t\t<\/div>\n\t\t\t\t<\/div>\n\t\t<div class=\"elementor-element elementor-element-52dfba46 e-flex e-con-boxed e-con e-child\" data-id=\"52dfba46\" data-element_type=\"container\" data-e-type=\"container\">\n\t\t\t\t\t<div class=\"e-con-inner\">\n\t\t\t\t<div class=\"elementor-element elementor-element-7b807faa elementor-widget__width-initial elementor-widget elementor-widget-text-editor\" data-id=\"7b807faa\" data-element_type=\"widget\" data-e-type=\"widget\" data-widget_type=\"text-editor.default\">\n\t\t\t\t<div class=\"elementor-widget-container\">\n\t\t\t\t\t\t\t\t\t<p><strong>Diseingu Grafikoa \/Audiobisuala<\/strong><br \/>Unai Zubillaga<\/p>\n<p><strong>Web Kudeaketa \/ Sareak<\/strong><br \/>Mikel Zarate &#8211; I\u00f1igo Santxo Bombin<br \/>Shake your brand<\/p>\n<p><strong>Aurkezleak<\/strong><br \/>Alberto Urrutia<br \/>Olaia Elorriaga<\/p>\n<p><strong>Euskerazko azpitituluak<\/strong><br \/>Itsasne Delgado<br \/>Ampersaund<\/p>\n<p><strong>Aretoen Kudeaketa<\/strong><br \/>Arantza Urberuaga<br \/>Zaloa Lekanda<br \/>Olatz G\u00f3mez<br \/>Malen Laraudogoitia<\/p>\n\t\t\t\t\t\t\t\t<\/div>\n\t\t\t\t<\/div>\n\t\t\t\t\t<\/div>\n\t\t\t\t<\/div>\n\t\t\t\t\t<\/div>\n\t\t\t\t<\/div>\n\t\t\t\t\t<\/div>\n\t\t\t\t<\/div>\n\t\t\t\t<\/div>\n\t\t                    <\/div>\n\t\t        \n                    <div id=\"#empresa-tab\" class=\"clearfix eael-tab-content-item inactive\" data-title-link=\"#empresa-tab\">\n\t\t\t\t        \t\t\t\t<\/div>\n\t\t\t\t<\/div>\n\t\t\t\t\t<\/div>\n\t\t\t\t<\/div>\n\t\t\t\t<\/div>\n\t\t","protected":false},"excerpt":{"rendered":"<p>JAIALDIAREN ANTOLAKUNTZA #LKBSFF2024 Antolaketa komisioa Erakunde antolatzailea Sponsors Oinarriak COMISI\u00d3N ORGANIZADORA 2024 Direcci\u00f3nJos\u00e9 \u00c1ngel Delgado Coordinaci\u00f3n GeneralZuri\u00f1e Larrazabal Apoyo a Direcci\u00f3nAmaya Urberuaga Direcci\u00f3n EjecutivaJesus M. Delgado MarketingAmaya Urberuaga Comunicaci\u00f3n\/Producci\u00f3nI\u00f1igo Santxo [&hellip;]<\/p>\n","protected":false},"author":1,"featured_media":0,"parent":3522,"menu_order":0,"comment_status":"closed","ping_status":"closed","template":"","meta":{"_acf_changed":false,"_price":"","_stock":"","_tribe_ticket_header":"","_tribe_default_ticket_provider":"","_tribe_ticket_capacity":"0","_ticket_start_date":"","_ticket_end_date":"","_tribe_ticket_show_description":"","_tribe_ticket_show_not_going":false,"_tribe_ticket_use_global_stock":"","_tribe_ticket_global_stock_level":"","_global_stock_mode":"","_global_stock_cap":"","_tribe_rsvp_for_event":"","_tribe_ticket_going_count":"","_tribe_ticket_not_going_count":"","_tribe_tickets_list":"[]","_tribe_ticket_has_attendee_info_fields":false,"iawp_total_views":8,"footnotes":""},"folder":[],"class_list":["post-13841","page","type-page","status-publish","hentry"],"blocksy_meta":[],"acf":[],"jetpack_sharing_enabled":true,"_links":{"self":[{"href":"https:\/\/bilbaosurffilmfestival.eus\/eu\/wp-json\/wp\/v2\/pages\/13841","targetHints":{"allow":["GET"]}}],"collection":[{"href":"https:\/\/bilbaosurffilmfestival.eus\/eu\/wp-json\/wp\/v2\/pages"}],"about":[{"href":"https:\/\/bilbaosurffilmfestival.eus\/eu\/wp-json\/wp\/v2\/types\/page"}],"author":[{"embeddable":true,"href":"https:\/\/bilbaosurffilmfestival.eus\/eu\/wp-json\/wp\/v2\/users\/1"}],"replies":[{"embeddable":true,"href":"https:\/\/bilbaosurffilmfestival.eus\/eu\/wp-json\/wp\/v2\/comments?post=13841"}],"version-history":[{"count":4,"href":"https:\/\/bilbaosurffilmfestival.eus\/eu\/wp-json\/wp\/v2\/pages\/13841\/revisions"}],"predecessor-version":[{"id":13861,"href":"https:\/\/bilbaosurffilmfestival.eus\/eu\/wp-json\/wp\/v2\/pages\/13841\/revisions\/13861"}],"up":[{"embeddable":true,"href":"https:\/\/bilbaosurffilmfestival.eus\/eu\/wp-json\/wp\/v2\/pages\/3522"}],"wp:attachment":[{"href":"https:\/\/bilbaosurffilmfestival.eus\/eu\/wp-json\/wp\/v2\/media?parent=13841"}],"wp:term":[{"taxonomy":"folder","embeddable":true,"href":"https:\/\/bilbaosurffilmfestival.eus\/eu\/wp-json\/wp\/v2\/folder?post=13841"}],"curies":[{"name":"wp","href":"https:\/\/api.w.org\/{rel}","templated":true}]}}